{"id":26002,"date":"2021-09-30T15:27:28","date_gmt":"2021-09-30T13:27:28","guid":{"rendered":"https:\/\/staging.brightanalytics.eu\/agings\/"},"modified":"2023-04-06T14:59:25","modified_gmt":"2023-04-06T12:59:25","slug":"agings","status":"publish","type":"page","link":"https:\/\/staging.brightanalytics.eu\/fr\/agings\/","title":{"rendered":"Vieillissement"},"content":{"rendered":"\n\n\t\n<section class=\"gc-hero-default gc-hero-default--large\">\n\t\n<section class=\"gc-container gc-hero-default__container\" >\n\t\t\t\t<div class=\"gc-hero-default__content-wrapper\">\n\t\t\t\t\t\t\t\t<div class=\"gc-hero-default__content\">\n\t\t\t\t\t<div class=\"gc-hero-default__text-with-image\">\n\t\t\t\t\t\t<div class=\"gc-hero-default__form-image--wrapper\">\n\t\t\t\t\t\t\t\t\t\t\t\t\t<\/div>\n\n\t\t\t\t\t\t<div >\n\t\t\t\t\t\t\t\n\t\t\t\t\t\t\t<div class=\"gc-hero-default__title-wrapper\">\n\t\t\t\t\t\t\t\t\n\t\t\t\t\t\t\t\t<h1 class=\"gc-hero-default__title\">Le module de vieillissement<\/h1>\n\t\t\t\t\t\t\t<\/div>\n\t\t\t\t\t\t\t\t\t\t\t\t\t\t\t<div class=\"gc-hero-default__text\">\n\t\t\t\t\t\t\t\t\t<p>Visualiser les soldes ouverts en un clic.<\/p>\n\n\t\t\t\t\t\t\t\t<\/div>\n\t\t\t\t\t\t\t\t\t\t\t\t\t<\/div>\n\t\t\t\t\t<\/div>\n\n\t\t\t\t\t\n\t\t\t\t\t\t\t\t\t\t\t<div class=\"gc-hero-default__buttons\">\n\t\t\t\t\t\t\t\t\t\t\t\t\t\t\t\t\t\t\t\t\t\t\t\t\t\t\t\t<\/div>\n\t\t\t\t\t\t\t\t\t<\/div>\n\t\t\t<\/div>\n\n\t\t\t\n\t\t\t\n\t\t\t\n\t\t\t\t\t<\/section>\n<\/section>\n\n<section  class=\"gc-cwv gc-cwv--has-visual gc-cwv--with-background\">\n\t\n<section class=\"gc-container gc-container--has-margin\" >\n\t\t\t\t<div class=\"gc-cwv__visual\">\n\t\t\t\t\t\t\t\t\t\t\t\t\t\t\t\t\t\t\t\t\t\t<figure class=\"gc-cwv__image\">\n\t\t\t\t\t\t\t\t<img decoding=\"async\" width=\"1024\" height=\"802\" src=\"https:\/\/cdn.brightanalytics.eu\/wp-content\/uploads\/Agings-dashboard-klanten-leveranciers-en-aging-vervaldag-balansen-BrightAnalytics-1024x802.png\" class=\"\" alt=\"\" srcset=\"https:\/\/cdn.brightanalytics.eu\/wp-content\/uploads\/Agings-dashboard-klanten-leveranciers-en-aging-vervaldag-balansen-BrightAnalytics-1024x802.png 1024w, https:\/\/cdn.brightanalytics.eu\/wp-content\/uploads\/Agings-dashboard-klanten-leveranciers-en-aging-vervaldag-balansen-BrightAnalytics-300x235.png 300w, https:\/\/cdn.brightanalytics.eu\/wp-content\/uploads\/Agings-dashboard-klanten-leveranciers-en-aging-vervaldag-balansen-BrightAnalytics-768x602.png 768w, https:\/\/cdn.brightanalytics.eu\/wp-content\/uploads\/Agings-dashboard-klanten-leveranciers-en-aging-vervaldag-balansen-BrightAnalytics-1536x1203.png 1536w, https:\/\/cdn.brightanalytics.eu\/wp-content\/uploads\/Agings-dashboard-klanten-leveranciers-en-aging-vervaldag-balansen-BrightAnalytics.png 1915w\" sizes=\"(max-width: 1024px) 100vw, 1024px\">\n\t\t\t\t\t\t\t<\/figure>\n\t\t\t\t\t\t\t\t\t\t\t\t\t\t\t\t\t\t<\/div>\n\n\t\t\t<div class=\"gc-cwv__content\">\n\t\t\t\t\n<div class=\"gc-heading gc-heading--has-margin\">\n\t<h2 class=\"gc-heading__title h2\">\n\t\t\n\t<\/h2>\n\t<\/div>\n\t\t\t\t<div class=\"gc-cwv__text \">\n\t\t\t\t\t<p>Gr\u00e2ce \u00e0 ce module, vous pouvez facilement partager la vue d&#8217;ensemble actuelle des \u00e9l\u00e9ments en suspens avec les parties prenantes internes et donner \u00e0 chaque repr\u00e9sentant une visibilit\u00e9 quotidienne des factures impay\u00e9es dans son portefeuille de clients.<\/p>\n<p>En outre, ce module de vieillissement peut \u00e9galement \u00eatre utilis\u00e9 pour le suivi des clients et les suivis peuvent \u00eatre saisis directement dans le syst\u00e8me. Si le d\u00e9lai de paiement est sur le point d&#8217;expirer, l&#8217;utilisateur peut recevoir une notification et prendre les mesures n\u00e9cessaires.<\/p>\n<p>La plateforme BrightAnalytics garantit que les agendas (clients &#8211; fournisseurs) et la position de tr\u00e9sorerie sont automatiquement extraits des comptes. Vous gagnez ainsi du temps et des ressources pour vous concentrer sur ce qui compte vraiment !<\/p>\n\n\t\t\t\t<\/div>\n\n\t\t\t\t\n\t\t\t\t\n\t\t\t\t\t\t\t<\/div>\n\t\t<\/section>\n\n\t<\/section>\n\n<section class=\"gc-review\">\n\t\n<section class=\"gc-container gc-container--has-margin\" >\n\t\t\t\t<div class=\"gc-review__wrapper\">\n\t\t\t\t<div class=\"gc-review__content\">\n\t\t\t\t\t<div class=\"gc-review__text\">\n\t\t\t\t\t\t\t\t\t\t\t\t\t&#8220;Lorsque la crise du coronavirus a \u00e9clat\u00e9, nous avons re\u00e7u des signaux de la part de nos clients et de nos fournisseurs qui nous ont fait prendre conscience qu&#8217;il devenait crucial de suivre de pr\u00e8s nos flux de tr\u00e9sorerie&#8221;\n\t\t\t\t\t\t\t\t\t\t\t<\/div>\n\n\t\t\t\t\t<div class=\"gc-review__signature\">\n\t\t\t\t\t\t\t\t\t\t\t\t\t&#8211; Bart Van den Broeck, directeur financier\n\t\t\t\t\t\t\t\t\t\t\t<\/div>\n\t\t\t\t<\/div>\n\n\t\t\t\t\t\t\t\t\t<img decoding=\"async\" width=\"150\" height=\"150\" src=\"https:\/\/cdn.brightanalytics.eu\/wp-content\/uploads\/Van-der-Erve-logo-150x150.png\" class=\"gc-review__image\" alt=\"\" srcset=\"https:\/\/cdn.brightanalytics.eu\/wp-content\/uploads\/Van-der-Erve-logo-150x150.png 150w, https:\/\/cdn.brightanalytics.eu\/wp-content\/uploads\/Van-der-Erve-logo.png 300w\" sizes=\"(max-width: 150px) 100vw, 150px\">\n\t\t\t\t\t\t\t<\/div>\n\t\t<\/section>\n<\/section>\n\n<section class=\"gc-cta\">\n\t\n<section class=\"gc-container gc-container--has-margin\" >\n\t\t\t\t<h2 class=\"gc-cta__title\">Envie de d\u00e9couvrir notre module de tr\u00e9sorerie ?<\/h2>\n\t\t\t<div class=\"gc-cta__buttons\">\n\t\t\t\t\t\t\t\t\t\t\n\t\t\t\t\n\t<a href='https:\/\/staging.brightanalytics.eu\/webinars\/' class=\"gc-button gc-button--blue gc-cta__button\" role=\"button\" >\n\t\t\t\t\tOui, s&#8217;inscrire \u00e0 une session en ligne\n\t\t\t<\/a>\n\t\t\t\t\t\t\t\t\t\t\n\t\t\t\t\n\t<a href='https:\/\/staging.brightanalytics.eu\/vraag-een-demo-aan\/' class=\"gc-button gc-cta__button\" role=\"button\" >\n\t\t\t\t\tDemander une d\u00e9monstration\n\t\t\t<\/a>\n\t\t\t\t\t\t\t<\/div>\n\t\t<\/section>\n<\/section>\n\n<section  class=\"gc-cwv gc-cwv--has-visual gc-cwv--is-reversed\">\n\t\n<section class=\"gc-container gc-container--has-margin\" >\n\t\t\t\t<div class=\"gc-cwv__visual\">\n\t\t\t\t\t\t\t\t\t\t\t\t\t\t\t\t\t\t\t\t\t\t<figure class=\"gc-cwv__image\">\n\t\t\t\t\t\t\t\t<img decoding=\"async\" width=\"344\" height=\"363\" src=\"https:\/\/cdn.brightanalytics.eu\/wp-content\/uploads\/logo-flower.png\" class=\"\" alt=\"\" srcset=\"https:\/\/cdn.brightanalytics.eu\/wp-content\/uploads\/logo-flower.png 344w, https:\/\/cdn.brightanalytics.eu\/wp-content\/uploads\/logo-flower-284x300.png 284w\" sizes=\"(max-width: 344px) 100vw, 344px\">\n\t\t\t\t\t\t\t<\/figure>\n\t\t\t\t\t\t\t\t\t\t\t\t\t\t\t\t\t\t<\/div>\n\n\t\t\t<div class=\"gc-cwv__content\">\n\t\t\t\t\n<div class=\"gc-heading gc-heading--has-margin\">\n\t<h2 class=\"gc-heading__title h2\">\n\t\tVous voulez d&#8217;autres pistes de r\u00e9flexion ?\n\t<\/h2>\n\t<\/div>\n\t\t\t\t<div class=\"gc-cwv__text \">\n\t\t\t\t\t<p>\u00c9coutez notre podcast sur la tr\u00e9sorerie et le vieillissement qui vous donnera, entre autres, plus d&#8217;informations sur l&#8217;optimisation de votre gestion de tr\u00e9sorerie et l&#8217;int\u00e9gration de vos pr\u00e9visions de tr\u00e9sorerie dans vos processus financiers et commerciaux.<\/p>\n\n\t\t\t\t<\/div>\n\n\t\t\t\t\n\t\t\t\t\n\t\t\t\t\t\t\t\t\t<div class=\"gc-cwv__buttons\">\n\t\t\t\t\t\t\t\t\t\t\t\t\t\t\n\t\t\t\t\n\t<a href='https:\/\/open.spotify.com\/episode\/5BVSDkhp5DjH180rlDef8P?si=uJJ3nXNoSEa3N0Nna8e3Ig&#038;nd=1' class=\"gc-button gc-cwv__button\" role=\"button\" >\n\t\t\t\t\t\u00c9coutez le podcast !\n\t\t\t<\/a>\n\t\t\t\t\t\t\t\t\t\t\t<\/div>\n\t\t\t\t\t\t\t<\/div>\n\t\t<\/section>\n\n\t<\/section>\n\n<section class=\"gc-faq gc-faq--with-background\" itemscope itemtype=\"https:\/\/schema.org\/FAQPage\">\n\t\n<section class=\"gc-container gc-container--has-margin gc-faq__container\" >\n\t\t\t\t\t\t\t\t<ul class=\"gc-faq__questions\">\n\t\t\t\t\t\t\t\t\t\t\t<li class=\"gc-faq__question gc-faq__question--active\"  itemscope\n\titemprop=\"mainEntity\" itemtype=\"https:\/\/schema.org\/Question\">\n\t<div class=\"gc-faq__question-title\" itemprop=\"name\">Qui est BrightAnalytics ?<\/div>\n\t<div class=\"gc-faq__answer\" itemscope itemprop=\"acceptedAnswer\"\n\t\t itemtype=\"https:\/\/schema.org\/Answer\">\n\t\t<span itemprop=\"text\">\n<p>BrightAnalytics est une entreprise technologique dynamique et en pleine croissance. Notre objectif est d&#8217;aider les organisations \u00e0 rationaliser leurs processus d&#8217;\u00e9tablissement de rapports de gestion. Restez \u00e0 la pointe de l&#8217;\u00e9volution de l&#8217;environnement commercial et d\u00e9veloppez-vous rapidement et durablement !<\/p>\n<\/span>\n\t<\/div>\n<\/li>\n\n\t\t\t\t\t\t\t\t\t\t\t<li class=\"gc-faq__question \"  itemscope\n\titemprop=\"mainEntity\" itemtype=\"https:\/\/schema.org\/Question\">\n\t<div class=\"gc-faq__question-title\" itemprop=\"name\">Qu&#8217;est-ce qu&#8217;un rapport de gestion ?<\/div>\n\t<div class=\"gc-faq__answer\" itemscope itemprop=\"acceptedAnswer\"\n\t\t itemtype=\"https:\/\/schema.org\/Answer\">\n\t\t<span itemprop=\"text\">\n<p>Les rapports de gestion consistent \u00e0 collecter des donn\u00e9es et \u00e0 les visualiser de mani\u00e8re simple.<\/p>\n<\/span>\n\t<\/div>\n<\/li>\n\n\t\t\t\t\t\t\t\t\t\t\t<li class=\"gc-faq__question \"  itemscope\n\titemprop=\"mainEntity\" itemtype=\"https:\/\/schema.org\/Question\">\n\t<div class=\"gc-faq__question-title\" itemprop=\"name\">Que propose BrightAnalytics en mati\u00e8re de rapports de tr\u00e9sorerie ?<\/div>\n\t<div class=\"gc-faq__answer\" itemscope itemprop=\"acceptedAnswer\"\n\t\t itemtype=\"https:\/\/schema.org\/Answer\">\n\t\t<span itemprop=\"text\">\n<p>Le module de tr\u00e9sorerie de BrightAnalytics comprend d&#8217;une part les \u00e9ch\u00e9ances (clients-fournisseurs) et d&#8217;autre part les pr\u00e9visions de tr\u00e9sorerie. Il est possible de l&#8217;ajouter \u00e0 la plateforme. Plus la source de donn\u00e9es est riche, plus il est possible de pr\u00e9voir des tendances dans le contexte de l&#8217;argent liquide.<\/p>\n<\/span>\n\t<\/div>\n<\/li>\n\n\t\t\t\t\t\t\t\t\t<\/ul>\n\t\t\t\t\t<\/section>\n<\/section>\n","protected":false},"excerpt":{"rendered":"","protected":false},"author":3,"featured_media":26000,"parent":0,"menu_order":0,"comment_status":"closed","ping_status":"closed","template":"","meta":{"_acf_changed":false,"footnotes":""},"class_list":["post-26002","page","type-page","status-publish","has-post-thumbnail","hentry"],"acf":[],"_links":{"self":[{"href":"https:\/\/staging.brightanalytics.eu\/fr\/wp-json\/wp\/v2\/pages\/26002","targetHints":{"allow":["GET"]}}],"collection":[{"href":"https:\/\/staging.brightanalytics.eu\/fr\/wp-json\/wp\/v2\/pages"}],"about":[{"href":"https:\/\/staging.brightanalytics.eu\/fr\/wp-json\/wp\/v2\/types\/page"}],"author":[{"embeddable":true,"href":"https:\/\/staging.brightanalytics.eu\/fr\/wp-json\/wp\/v2\/users\/3"}],"replies":[{"embeddable":true,"href":"https:\/\/staging.brightanalytics.eu\/fr\/wp-json\/wp\/v2\/comments?post=26002"}],"version-history":[{"count":0,"href":"https:\/\/staging.brightanalytics.eu\/fr\/wp-json\/wp\/v2\/pages\/26002\/revisions"}],"wp:featuredmedia":[{"embeddable":true,"href":"https:\/\/staging.brightanalytics.eu\/fr\/wp-json\/wp\/v2\/media\/26000"}],"wp:attachment":[{"href":"https:\/\/staging.brightanalytics.eu\/fr\/wp-json\/wp\/v2\/media?parent=26002"}],"curies":[{"name":"wp","href":"https:\/\/api.w.org\/{rel}","templated":true}]}}