{"id":15591,"date":"2022-08-10T15:56:43","date_gmt":"2022-08-10T13:56:43","guid":{"rendered":"https:\/\/staging.brightanalytics.eu\/konsolideringsvaerktoj\/"},"modified":"2023-04-03T11:50:27","modified_gmt":"2023-04-03T09:50:27","slug":"konsolideringsvaerktoj","status":"publish","type":"page","link":"https:\/\/staging.brightanalytics.eu\/da\/konsolideringsvaerktoj\/","title":{"rendered":"Konsolideringsv\u00e6rkt\u00f8j"},"content":{"rendered":"\n\n\t\n<section class=\"gc-hero-default gc-hero-default--wide\">\n\t\n<section class=\"gc-container gc-hero-default__container\" >\n\t\t\t\t<div class=\"gc-hero-default__content-wrapper\">\n\t\t\t\t\t\t\t\t<div class=\"gc-hero-default__content\">\n\t\t\t\t\t<div class=\"gc-hero-default__text-with-image\">\n\t\t\t\t\t\t<div class=\"gc-hero-default__form-image--wrapper\">\n\t\t\t\t\t\t\t\t\t\t\t\t\t<\/div>\n\n\t\t\t\t\t\t<div >\n\t\t\t\t\t\t\t\n\t\t\t\t\t\t\t<div class=\"gc-hero-default__title-wrapper\">\n\t\t\t\t\t\t\t\t\n\t\t\t\t\t\t\t\t<h1 class=\"gc-hero-default__title\">Opdag konsolideringsv\u00e6rkt\u00f8jet<\/h1>\n\t\t\t\t\t\t\t<\/div>\n\t\t\t\t\t\t\t\t\t\t\t\t\t\t\t<div class=\"gc-hero-default__text\">\n\t\t\t\t\t\t\t\t\t<p>Med BrightAnalytics bliver konsolideret rapportering en legemlig sag. Med et enkelt klik p\u00e5 en knap elimineres IC-transaktioner, der kan foretages konsolideringsregistreringer og medtages kapitalandele.<\/p>\n\n\t\t\t\t\t\t\t\t<\/div>\n\t\t\t\t\t\t\t\t\t\t\t\t\t<\/div>\n\t\t\t\t\t<\/div>\n\n\t\t\t\t\t\n\t\t\t\t\t\t\t\t\t<\/div>\n\t\t\t<\/div>\n\n\t\t\t\n\t\t\t\n\t\t\t\n\t\t\t\t\t<\/section>\n<\/section>\n\n<section  class=\"gc-cwv gc-cwv--has-visual gc-cwv--is-reversed\">\n\t\n<section class=\"gc-container gc-container--has-margin\" >\n\t\t\t\t<div class=\"gc-cwv__visual\">\n\t\t\t\t\t\t\t\t\t\t\t\t\t\t\t\t\t\t\t\t\t\t<figure class=\"gc-cwv__image\">\n\t\t\t\t\t\t\t\t<img decoding=\"async\" width=\"1024\" height=\"597\" src=\"https:\/\/cdn.brightanalytics.eu\/wp-content\/uploads\/Conso-Structure-niet-zeker-of-je-deze-mag-gebruiken-1024x597.png\" class=\"\" alt=\"Konsolideringsv\u00e6rkt\u00f8j BrightAnalytics - konsolideringsstrukturen\" srcset=\"https:\/\/cdn.brightanalytics.eu\/wp-content\/uploads\/Conso-Structure-niet-zeker-of-je-deze-mag-gebruiken-1024x597.png 1024w, https:\/\/cdn.brightanalytics.eu\/wp-content\/uploads\/Conso-Structure-niet-zeker-of-je-deze-mag-gebruiken-300x175.png 300w, https:\/\/cdn.brightanalytics.eu\/wp-content\/uploads\/Conso-Structure-niet-zeker-of-je-deze-mag-gebruiken-768x448.png 768w, https:\/\/cdn.brightanalytics.eu\/wp-content\/uploads\/Conso-Structure-niet-zeker-of-je-deze-mag-gebruiken-1536x895.png 1536w, https:\/\/cdn.brightanalytics.eu\/wp-content\/uploads\/Conso-Structure-niet-zeker-of-je-deze-mag-gebruiken.png 1915w\" sizes=\"(max-width: 1024px) 100vw, 1024px\" \/>\n\t\t\t\t\t\t\t<\/figure>\n\t\t\t\t\t\t\t\t\t\t\t\t\t\t\t\t\t\t<\/div>\n\n\t\t\t<div class=\"gc-cwv__content\">\n\t\t\t\t\n<div class=\"gc-heading gc-heading--has-margin\">\n\t<h2 class=\"gc-heading__title h2\">\n\t\tKonsolidering\n\t<\/h2>\n\t<\/div>\n\t\t\t\t<div class=\"gc-cwv__text \">\n\t\t\t\t\t<p>Forskellige enheder, regnskabspakker, valutaer og forskellige regnskabs\u00e5r? Forskellene udj\u00e6vnes korrekt for at sikre en klar og p\u00e5lidelig konsolideret rapportering.<\/p>\n<p>Konsolideringsposter samt ekstra regnskabsposter er mulige i vores konsolideringsv\u00e6rkt\u00f8j. Disse indtastes i systemet, f.eks. som afskrivning af goodwill, og skrives naturligvis ikke tilbage til kildedataene.<\/p>\n\n\t\t\t\t<\/div>\n\n\t\t\t\t\n\t\t\t\t\n\t\t\t\t\t\t\t<\/div>\n\t\t<\/section>\n\n\t<\/section>\n\n<section  class=\"gc-cwv gc-cwv--has-visual\">\n\t\n<section class=\"gc-container gc-container--has-margin\" >\n\t\t\t\t<div class=\"gc-cwv__visual\">\n\t\t\t\t\t\t\t\t\t\t\t\t\t\t\t\t\t\t\t\t\t\t<figure class=\"gc-cwv__image\">\n\t\t\t\t\t\t\t\t<img decoding=\"async\" width=\"1024\" height=\"640\" src=\"https:\/\/cdn.brightanalytics.eu\/wp-content\/uploads\/Product-screenshot-intercompany-eliminaties-1-1024x640.png\" class=\"\" alt=\"\" srcset=\"https:\/\/cdn.brightanalytics.eu\/wp-content\/uploads\/Product-screenshot-intercompany-eliminaties-1-1024x640.png 1024w, https:\/\/cdn.brightanalytics.eu\/wp-content\/uploads\/Product-screenshot-intercompany-eliminaties-1-300x188.png 300w, https:\/\/cdn.brightanalytics.eu\/wp-content\/uploads\/Product-screenshot-intercompany-eliminaties-1-768x480.png 768w, https:\/\/cdn.brightanalytics.eu\/wp-content\/uploads\/Product-screenshot-intercompany-eliminaties-1-1536x960.png 1536w, https:\/\/cdn.brightanalytics.eu\/wp-content\/uploads\/Product-screenshot-intercompany-eliminaties-1.png 1920w\" sizes=\"(max-width: 1024px) 100vw, 1024px\">\n\t\t\t\t\t\t\t<\/figure>\n\t\t\t\t\t\t\t\t\t\t\t\t\t\t\t\t\t\t<\/div>\n\n\t\t\t<div class=\"gc-cwv__content\">\n\t\t\t\t\n<div class=\"gc-heading gc-heading--has-margin\">\n\t<h2 class=\"gc-heading__title h2\">\n\t\tElimineringer mellem selskaber\n\t<\/h2>\n\t<\/div>\n\t\t\t\t<div class=\"gc-cwv__text \">\n\t\t\t\t\t<p>Konsolideringsv\u00e6rkt\u00f8jet, der er en del af finansmodulet, registrerer automatisk koncerninterne posteringer og visualiserer disse koncerninterne forskelle i et overskueligt smartmap.<\/p>\n<p>Elimineringer mellem selskaber udf\u00f8res automatisk med et klik p\u00e5 en knap!<\/p>\n\n\t\t\t\t<\/div>\n\n\t\t\t\t\n\t\t\t\t\n\t\t\t\t\t\t\t<\/div>\n\t\t<\/section>\n\n\t<\/section>\n\n<section class=\"gc-cta\">\n\t\n<section class=\"gc-container gc-container--has-margin\" >\n\t\t\t\t<h2 class=\"gc-cta__title\">Opdag vores konsolideringsv\u00e6rkt\u00f8j?<\/h2>\n\t\t\t<div class=\"gc-cta__buttons\">\n\t\t\t\t\t\t\t\t\t\t\n\t\t\t\t\n\t<a href='https:\/\/staging.brightanalytics.eu\/webinars\/' class=\"gc-button gc-button--blue gc-cta__button\" role=\"button\" >\n\t\t\t\t\tJa, tilmeld dig til en online-session\n\t\t\t<\/a>\n\t\t\t\t\t\t\t\t\t\t\n\t\t\t\t\n\t<a href='https:\/\/staging.brightanalytics.eu\/request-a-demo\/' class=\"gc-button gc-cta__button\" role=\"button\" >\n\t\t\t\t\tAnmod om en demo\n\t\t\t<\/a>\n\t\t\t\t\t\t\t<\/div>\n\t\t<\/section>\n<\/section>\n\n<section class=\"gc-faq\" itemscope itemtype=\"https:\/\/schema.org\/FAQPage\">\n\t\n<section class=\"gc-container gc-container--has-margin gc-faq__container\" >\n\t\t\t\t\t\t\t\t<ul class=\"gc-faq__questions\">\n\t\t\t\t\t\t\t\t\t\t\t<li class=\"gc-faq__question gc-faq__question--active\"  itemscope\n\titemprop=\"mainEntity\" itemtype=\"https:\/\/schema.org\/Question\">\n\t<div class=\"gc-faq__question-title\" itemprop=\"name\">Hvad er konsolideret rapportering?<\/div>\n\t<div class=\"gc-faq__answer\" itemscope itemprop=\"acceptedAnswer\"\n\t\t itemtype=\"https:\/\/schema.org\/Answer\">\n\t\t<span itemprop=\"text\">\n<p>Konsolideret rapportering viser tallene for alle virksomheder inden for gruppen sammen med de n\u00f8dvendige elimineringer og konsolideringsposter imellem virksomhederne.<\/p>\n<\/span>\n\t<\/div>\n<\/li>\n\n\t\t\t\t\t\t\t\t\t\t\t<li class=\"gc-faq__question \"  itemscope\n\titemprop=\"mainEntity\" itemtype=\"https:\/\/schema.org\/Question\">\n\t<div class=\"gc-faq__question-title\" itemprop=\"name\">Hvad er finansiel rapportering?<\/div>\n\t<div class=\"gc-faq__answer\" itemscope itemprop=\"acceptedAnswer\"\n\t\t itemtype=\"https:\/\/schema.org\/Answer\">\n\t\t<span itemprop=\"text\">\n<p>Finansielle rapportering giver indsigt i virksomhedens \u00f8konomiske tilstand.<\/p>\n<\/span>\n\t<\/div>\n<\/li>\n\n\t\t\t\t\t\t\t\t\t\t\t<li class=\"gc-faq__question \"  itemscope\n\titemprop=\"mainEntity\" itemtype=\"https:\/\/schema.org\/Question\">\n\t<div class=\"gc-faq__question-title\" itemprop=\"name\">Hvad er BrightAnalytics?<\/div>\n\t<div class=\"gc-faq__answer\" itemscope itemprop=\"acceptedAnswer\"\n\t\t itemtype=\"https:\/\/schema.org\/Answer\">\n\t\t<span itemprop=\"text\">\n<p>BrightAnalytics er den mest <strong>intuitive, p\u00e5lidelige og hurtige ledelsesrapporteringsplatform<\/strong>, der d\u00e6kker alle behov for ledelsesrapportering og konsolidering.<\/p>\n<\/span>\n\t<\/div>\n<\/li>\n\n\t\t\t\t\t\t\t\t\t\t\t<li class=\"gc-faq__question \"  itemscope\n\titemprop=\"mainEntity\" itemtype=\"https:\/\/schema.org\/Question\">\n\t<div class=\"gc-faq__question-title\" itemprop=\"name\">Hvordan fungerer BrightAnalytics?<\/div>\n\t<div class=\"gc-faq__answer\" itemscope itemprop=\"acceptedAnswer\"\n\t\t itemtype=\"https:\/\/schema.org\/Answer\">\n\t\t<span itemprop=\"text\">\n<ol class=\"wp-block-list\">\n<li><strong>Opret forbindelse<\/strong>: BrightAnalytics forbindes med regnskabs-, ERP- og CRM-systemer og centraliserer alle data i BrightAnalytics-platformen.<\/li>\n\n\n\n<li><strong>Rapporter<\/strong>: Standardskabelonerne i BrightAnalytics er klar til brug med det samme, men kan skr\u00e6ddersys, s\u00e5 de passer til ens behov.<\/li>\n\n\n\n<li><strong>Analyser<\/strong>: Ledelsesrapporter og dashboards tilbyder et v\u00e6ld af oplysninger og giver straks klar indsigt i tallene for hele organisationen.<\/li>\n\n\n\n<li><strong>Engagere<\/strong>: De klare rapporter bidrager til en bedre str\u00f8mlinet forretningsstrategi og -udf\u00f8relse og sikrer gennemsigtighed i virksomheden.<\/li>\n<\/ol>\n\n\n\n<p><\/p>\n<\/span>\n\t<\/div>\n<\/li>\n\n\t\t\t\t\t\t\t\t\t<\/ul>\n\t\t\t\t\t<\/section>\n<\/section>\n","protected":false},"excerpt":{"rendered":"","protected":false},"author":3,"featured_media":0,"parent":0,"menu_order":0,"comment_status":"closed","ping_status":"closed","template":"","meta":{"_acf_changed":false,"footnotes":""},"class_list":["post-15591","page","type-page","status-publish","hentry"],"acf":[],"_links":{"self":[{"href":"https:\/\/staging.brightanalytics.eu\/da\/wp-json\/wp\/v2\/pages\/15591","targetHints":{"allow":["GET"]}}],"collection":[{"href":"https:\/\/staging.brightanalytics.eu\/da\/wp-json\/wp\/v2\/pages"}],"about":[{"href":"https:\/\/staging.brightanalytics.eu\/da\/wp-json\/wp\/v2\/types\/page"}],"author":[{"embeddable":true,"href":"https:\/\/staging.brightanalytics.eu\/da\/wp-json\/wp\/v2\/users\/3"}],"replies":[{"embeddable":true,"href":"https:\/\/staging.brightanalytics.eu\/da\/wp-json\/wp\/v2\/comments?post=15591"}],"version-history":[{"count":0,"href":"https:\/\/staging.brightanalytics.eu\/da\/wp-json\/wp\/v2\/pages\/15591\/revisions"}],"wp:attachment":[{"href":"https:\/\/staging.brightanalytics.eu\/da\/wp-json\/wp\/v2\/media?parent=15591"}],"curies":[{"name":"wp","href":"https:\/\/api.w.org\/{rel}","templated":true}]}}